{"id":45,"date":"2017-09-28T09:33:18","date_gmt":"2017-09-28T09:33:18","guid":{"rendered":"http:\/\/construmar.com.ar\/materialesconstruccion\/?page_id=45"},"modified":"2017-09-29T01:04:52","modified_gmt":"2017-09-29T01:04:52","slug":"servicios","status":"publish","type":"page","link":"https:\/\/construmar.com.ar\/materialesconstruccion\/servicios\/","title":{"rendered":""},"content":{"rendered":"<div class=\"section-full-width section-light2\" style=\"background-color:#ffffff;\" id=\"brindamoslossiguientesservicios\"><div class=\"section-boxed\" style=\"color:#777777;\"><h2 class=\"section-title\" style=\"color:#878787;\">Brindamos los siguientes Servicios<\/h2><h4 style=\"color:#878787;\" class=\"sub-title\">Asesoramiento - Reparto - Descarga en altura - Autoelevadores - Planes Acopio - Materiales - Carteles de Obra<\/h4><div class=\"services-wrapper services-default cols-wrapper cols-2\"><div class=\"services-box col\"><div class=\"img-container\"><img src=\"http:\/\/construmar.com.ar\/materialesconstruccion\/wp-content\/uploads\/2017\/09\/venta-construccion-construmar-mar-del-plata-569x379.jpg\" alt=\"Venta\"\/><\/div><div class=\"services-content\"><div class=\"sc-wraper\"><h3>Venta<\/h3><p>Contamos con nuestra sucursal se encuentra en Fortunato de la plaza 5198. El horario de atenci\u00f3n es de lunes a viernes de 7:30 a 12:00 y de 14:00 a 18:00\r\ny S\u00e1bados de 7:30 a 12:30.\r\n\r\nPuede comunicarse con nosotros v\u00eda email a ventas@construmar.com.ar<\/p><\/div><\/div><\/div><div class=\"services-box col nomargin\"><div class=\"img-container\"><img src=\"http:\/\/construmar.com.ar\/materialesconstruccion\/wp-content\/uploads\/2017\/09\/atencion-construccion-construmar-mar-del-plata-569x379.jpg\" alt=\"Asesoramiento\"\/><\/div><div class=\"services-content\"><div class=\"sc-wraper\"><h3>Asesoramiento<\/h3><p>Nuestro personal calificado lo ayudar\u00e1 a encontrar las mejores soluciones en construcci\u00f3n, brind\u00e1ndole marcas de primera calidad. Puede comunicarse v\u00eda email a compras@construmar.com.ar<\/p><\/div><\/div><\/div><div class=\"services-box col\"><div class=\"img-container\"><img src=\"http:\/\/construmar.com.ar\/materialesconstruccion\/wp-content\/uploads\/2017\/09\/reparto-construccion-construmar-mar-del-plata-camiones--569x379.jpg\" alt=\"Reparto\"\/><\/div><div class=\"services-content\"><div class=\"sc-wraper\"><h3>Reparto<\/h3><p>Contamos con camiones altamente preparados para que sus materiales lleguen a destino en perfectas condiciones. Nuestro reparto brinda su servicio dentro de la ciudad de Mar del Plata y zonas aleda\u00f1as.<\/p><\/div><\/div><\/div><div class=\"services-box col nomargin\"><div class=\"img-container\"><img src=\"http:\/\/construmar.com.ar\/materialesconstruccion\/wp-content\/uploads\/2017\/09\/descarga-de-altura-construccion-construmar-mar-del-plata-camiones--569x379.jpg\" alt=\"Descarga de altura\"\/><\/div><div class=\"services-content\"><div class=\"sc-wraper\"><h3>Descarga de altura<\/h3><p>Contamos con maquinaria de m\u00e1xima seguridad para descarga de altura en construcciones.<\/p><\/div><\/div><\/div><div class=\"services-box col\"><div class=\"img-container\"><img src=\"http:\/\/construmar.com.ar\/materialesconstruccion\/wp-content\/uploads\/2017\/09\/autoelevador-construccion-construmar-mar-del-plata-569x379.jpg\" alt=\"Autoelevador\"\/><\/div><div class=\"services-content\"><div class=\"sc-wraper\"><h3>Autoelevador<\/h3><p>Nuestra permanente renovaci\u00f3n de la inversi\u00f3n en equipamiento sustentan el crecimiento y consolidan liderazgo de nuestras unidades de negocio.<\/p><\/div><\/div><\/div><div class=\"services-box col nomargin\"><div class=\"img-container\"><img src=\"http:\/\/construmar.com.ar\/materialesconstruccion\/wp-content\/uploads\/2017\/09\/planes-de-acopio-construccion-construmar-mar-del-plata-camiones--569x379.jpg\" alt=\"Planes de acopio\"\/><\/div><div class=\"services-content\"><div class=\"sc-wraper\"><h3>Planes de acopio<\/h3><p>Nuestro plan de acopio le permite comprar en forma anticipada para cubrir las necesidades de su obra, congelando precios, accediendo a descuentos especiales, entregas programadas, fletes bonificados y total garant\u00eda de abastecimiento.<\/p><\/div><\/div><\/div><div class=\"services-box col\"><div class=\"img-container\"><img src=\"http:\/\/construmar.com.ar\/materialesconstruccion\/wp-content\/uploads\/2017\/09\/materiales-construccion-construmar-mar-del-plata-569x379.jpg\" alt=\"Disponibilidad permanente de materiales\"\/><\/div><div class=\"services-content\"><div class=\"sc-wraper\"><h3>Disponibilidad permanente de materiales<\/h3><p>Nuestro stock continuo, permite la disponibilidad permanente de materiales. Esto facilita la inmediatez para el cliente.<\/p><\/div><\/div><\/div><div class=\"services-box col nomargin\"><div class=\"img-container\"><img src=\"http:\/\/construmar.com.ar\/materialesconstruccion\/wp-content\/uploads\/2017\/10\/construmar-servicios-569x379.jpg\" alt=\"Cami\u00f3n descarga en altura\"\/><\/div><div class=\"services-content\"><div class=\"sc-wraper\"><h3>Cami\u00f3n descarga en altura<\/h3><p>Conocemos todos y cada uno de los riesgos que presenta el desarrollo de cada tarea. Tenemos un amplio conocimiento de seguridad disponibles para enfrentarlos y el desarrollo de las aptitudes y actitudes laborales necesarias para que situaciones y circunstancias potencialmente peligrosas puedan ser resueltas con seguridad.<\/p><\/div><\/div><\/div><div class=\"clear\"><\/div><\/div>\n<\/div><\/div>\n","protected":false},"excerpt":{"rendered":"","protected":false},"author":2,"featured_media":0,"parent":0,"menu_order":0,"comment_status":"closed","ping_status":"closed","template":"template-full-custom.php","meta":[],"_links":{"self":[{"href":"https:\/\/construmar.com.ar\/materialesconstruccion\/wp-json\/wp\/v2\/pages\/45"}],"collection":[{"href":"https:\/\/construmar.com.ar\/materialesconstruccion\/wp-json\/wp\/v2\/pages"}],"about":[{"href":"https:\/\/construmar.com.ar\/materialesconstruccion\/wp-json\/wp\/v2\/types\/page"}],"author":[{"embeddable":true,"href":"https:\/\/construmar.com.ar\/materialesconstruccion\/wp-json\/wp\/v2\/users\/2"}],"replies":[{"embeddable":true,"href":"https:\/\/construmar.com.ar\/materialesconstruccion\/wp-json\/wp\/v2\/comments?post=45"}],"version-history":[{"count":8,"href":"https:\/\/construmar.com.ar\/materialesconstruccion\/wp-json\/wp\/v2\/pages\/45\/revisions"}],"predecessor-version":[{"id":270,"href":"https:\/\/construmar.com.ar\/materialesconstruccion\/wp-json\/wp\/v2\/pages\/45\/revisions\/270"}],"wp:attachment":[{"href":"https:\/\/construmar.com.ar\/materialesconstruccion\/wp-json\/wp\/v2\/media?parent=45"}],"curies":[{"name":"wp","href":"https:\/\/api.w.org\/{rel}","templated":true}]}}